{"id":17,"date":"2020-10-01T17:51:06","date_gmt":"2020-10-01T17:51:06","guid":{"rendered":"http:\/\/www.mariusz-zjadliwy.podlasie.pl\/?page_id=17"},"modified":"2021-09-06T14:15:15","modified_gmt":"2021-09-06T14:15:15","slug":"home","status":"publish","type":"page","link":"https:\/\/www.mariusz-zjadliwy.podlasie.pl\/index.php\/home\/","title":{"rendered":"O Mariuszu Zjadliwym"},"content":{"rendered":"\n<p>Mariusz Zjadliwy<\/p>\n\n\n\n<p>Oto oficjalna strona Mariusza Zjadliwego.<\/p>\n\n\n\n<figure class=\"wp-block-image size-large is-resized\"><img loading=\"lazy\" src=\"http:\/\/www.mariusz-zjadliwy.podlasie.pl\/wp-content\/uploads\/2020\/10\/krzy64f3dcc706092c0541ca6d02bcea8dcabf9afb0d310f94c4764c2293a47295f8.jpg\" alt=\"\" class=\"wp-image-12\" width=\"1277\" height=\"1092\" srcset=\"https:\/\/www.mariusz-zjadliwy.podlasie.pl\/wp-content\/uploads\/2020\/10\/krzy64f3dcc706092c0541ca6d02bcea8dcabf9afb0d310f94c4764c2293a47295f8.jpg 427w, https:\/\/www.mariusz-zjadliwy.podlasie.pl\/wp-content\/uploads\/2020\/10\/krzy64f3dcc706092c0541ca6d02bcea8dcabf9afb0d310f94c4764c2293a47295f8-300x256.jpg 300w\" sizes=\"(max-width: 1277px) 100vw, 1277px\" \/><figcaption>Tak podobno wygl\u0105da Mariusz Zjadliwy<\/figcaption><\/figure>\n\n\n\n<p>Mariusz Zjadliwy jest cz\u0142owiekiem renesansu. Potrafi malowa\u0107 majestatyczne arcydzie\u0142a lub tworzy\u0107 dzie\u0142a na komputerze. Mariusz Zjadliwy potrafi r\u00f3wnie\u017c tworzy\u0107 szalone wynalazki oraz jest wspania\u0142ym poet\u0105. Podobno w czasie wolnym gra w gr\u0119 &#8222;Minecraft&#8221;. Tak naprawd\u0119 nikt nie wie kim tak naprawd\u0119 jest Mariusz Zjadliwy, ani gdzie mieszka. Prawdopodobnie na Podlasiu. Wiemy jednak, \u017ce jego ulubion\u0105 potraw\u0105 jest Kebab. \u015awiadczy o tym to, \u017ce cz\u0119sto w\u0142a\u015bnie taka jest tematyka jego prac. Strona ta powsta\u0142a w celu rozpowszechniana s\u0142awy tego wspania\u0142ego artysty. B\u0119d\u0105 tu regularnie publikowane posty od Mariusza Zjadliwego oraz jego najnowsze dzie\u0142a, wi\u0119c pami\u0119taj aby sprawdza\u0107 aktualno\u015bci.<\/p>\n","protected":false},"excerpt":{"rendered":"<p>Mariusz Zjadliwy Oto oficjalna strona Mariusza Zjadliwego. Mariusz Zjadliwy jest cz\u0142owiekiem renesansu. Potrafi malowa\u0107 majestatyczne arcydzie\u0142a lub tworzy\u0107 dzie\u0142a na komputerze. Mariusz Zjadliwy potrafi r\u00f3wnie\u017c tworzy\u0107 szalone wynalazki oraz jest wspania\u0142ym poet\u0105. Podobno w czasie wolnym gra w gr\u0119 &#8222;Minecraft&#8221;. Tak naprawd\u0119 nikt nie wie kim tak naprawd\u0119 jest Mariusz Zjadliwy, ani gdzie mieszka. Prawdopodobnie [&hellip;]<\/p>\n","protected":false},"author":2,"featured_media":0,"parent":0,"menu_order":0,"comment_status":"closed","ping_status":"closed","template":"","meta":[],"_links":{"self":[{"href":"https:\/\/www.mariusz-zjadliwy.podlasie.pl\/index.php\/wp-json\/wp\/v2\/pages\/17"}],"collection":[{"href":"https:\/\/www.mariusz-zjadliwy.podlasie.pl\/index.php\/wp-json\/wp\/v2\/pages"}],"about":[{"href":"https:\/\/www.mariusz-zjadliwy.podlasie.pl\/index.php\/wp-json\/wp\/v2\/types\/page"}],"author":[{"embeddable":true,"href":"https:\/\/www.mariusz-zjadliwy.podlasie.pl\/index.php\/wp-json\/wp\/v2\/users\/2"}],"replies":[{"embeddable":true,"href":"https:\/\/www.mariusz-zjadliwy.podlasie.pl\/index.php\/wp-json\/wp\/v2\/comments?post=17"}],"version-history":[{"count":8,"href":"https:\/\/www.mariusz-zjadliwy.podlasie.pl\/index.php\/wp-json\/wp\/v2\/pages\/17\/revisions"}],"predecessor-version":[{"id":40,"href":"https:\/\/www.mariusz-zjadliwy.podlasie.pl\/index.php\/wp-json\/wp\/v2\/pages\/17\/revisions\/40"}],"wp:attachment":[{"href":"https:\/\/www.mariusz-zjadliwy.podlasie.pl\/index.php\/wp-json\/wp\/v2\/media?parent=17"}],"curies":[{"name":"wp","href":"https:\/\/api.w.org\/{rel}","templated":true}]}}